{"id":71,"date":"2025-03-18T15:23:21","date_gmt":"2025-03-18T14:23:21","guid":{"rendered":"https:\/\/altar-ia.com\/index.php\/accueil\/"},"modified":"2025-04-07T08:25:37","modified_gmt":"2025-04-07T06:25:37","slug":"accueil","status":"publish","type":"page","link":"https:\/\/altar-ia.com\/","title":{"rendered":"Accueil"},"content":{"rendered":"\n<p><\/p>\n\n\n\n<div class=\"wp-block-cover alignfull is-light hestia-clear-top-padding\"><span aria-hidden=\"true\" class=\"wp-block-cover__background has-white-background-color has-background-dim-100 has-background-dim\"><\/span><div class=\"wp-block-cover__inner-container is-layout-flow wp-block-cover-is-layout-flow\">\n<h2 class=\"wp-block-heading has-text-align-center has-text-color has-link-color wp-elements-0fe69a9c9705e083aafe331fe92fadae\" style=\"color:#000000cf;margin-top:var(--wp--preset--spacing--70);margin-bottom:var(--wp--preset--spacing--70)\">L&#8217;innovation en sant\u00e9<\/h2>\n\n\n\n<div class=\"wp-block-columns is-layout-flex wp-container-core-columns-is-layout-28f84493 wp-block-columns-is-layout-flex\">\n<div class=\"wp-block-column is-layout-flow wp-block-column-is-layout-flow\"><div class=\"wp-block-image texte-comfortaa is-style-default ticss-6bde931c\">\n<figure class=\"aligncenter size-large is-resized\"><img loading=\"lazy\" decoding=\"async\" width=\"1024\" height=\"671\" src=\"https:\/\/altar-ia.com\/wp-content\/uploads\/2025\/04\/Innover-dans-lincertitude-1024x671.png\" alt=\"\" class=\"wp-image-180\" style=\"width:691px;height:auto\" srcset=\"https:\/\/altar-ia.com\/wp-content\/uploads\/2025\/04\/Innover-dans-lincertitude-1024x671.png 1024w, https:\/\/altar-ia.com\/wp-content\/uploads\/2025\/04\/Innover-dans-lincertitude-300x197.png 300w, https:\/\/altar-ia.com\/wp-content\/uploads\/2025\/04\/Innover-dans-lincertitude-768x503.png 768w, https:\/\/altar-ia.com\/wp-content\/uploads\/2025\/04\/Innover-dans-lincertitude-1536x1006.png 1536w, https:\/\/altar-ia.com\/wp-content\/uploads\/2025\/04\/Innover-dans-lincertitude-2048x1342.png 2048w\" sizes=\"auto, (max-width: 1024px) 100vw, 1024px\" \/><figcaption class=\"wp-element-caption\">La d\u00e9marche d&#8217;innover dans l&#8217;industrie de la sant\u00e9 fait face \u00e0 plusieurs tensions, la rendant \u00e0 la fois incertaine&#8230; et stimulante!<\/figcaption><\/figure>\n<\/div><\/div>\n<\/div>\n\n\n\n<h2 class=\"wp-block-heading has-text-align-center has-text-color\" style=\"color:#000000cf;margin-top:var(--wp--preset--spacing--70);margin-bottom:var(--wp--preset--spacing--70)\">Un accompagnement sur-mesure<\/h2>\n\n\n\n<div class=\"wp-block-columns container is-layout-flex wp-container-core-columns-is-layout-28f84493 wp-block-columns-is-layout-flex\">\n<div class=\"wp-block-column is-layout-flow wp-block-column-is-layout-flow\"><div class=\"wp-block-image\">\n<figure class=\"aligncenter size-full is-resized\"><img loading=\"lazy\" decoding=\"async\" width=\"256\" height=\"256\" src=\"https:\/\/altar-ia.com\/wp-content\/uploads\/2025\/03\/Pawn.png\" alt=\"\" class=\"wp-image-117\" style=\"width:114px;height:auto\" srcset=\"https:\/\/altar-ia.com\/wp-content\/uploads\/2025\/03\/Pawn.png 256w, https:\/\/altar-ia.com\/wp-content\/uploads\/2025\/03\/Pawn-150x150.png 150w\" sizes=\"auto, (max-width: 256px) 100vw, 256px\" \/><\/figure>\n<\/div>\n\n\n<h5 class=\"wp-block-heading has-text-align-center has-text-color\" style=\"color:#3c4858;font-size:18px\"><strong>STRAT\u00c9GIE &amp; POSITIONNEMENT DE MARCH\u00c9<\/strong><\/h5>\n\n\n\n<ul class=\"wp-block-list\">\n<li class=\"texte-comfortaa has-accent-color has-text-color has-link-color wp-elements-6ed1288a7b4689fd5a42333757b0aeec\">D\u00e9cryptage de march\u00e9<\/li>\n\n\n\n<li class=\"texte-comfortaa has-accent-color has-text-color has-link-color wp-elements-c0c9d2509301e5f54c11eedf71dcd270\">Construction de strat\u00e9gie d\u2019innovation et de business plan<\/li>\n\n\n\n<li class=\"texte-comfortaa has-accent-color has-text-color has-link-color wp-elements-f9a524f87360fc82cb71ba34c68cac7b\">Animation de formation sur l\u2019innovation en sant\u00e9<\/li>\n<\/ul>\n\n\n\n<p><\/p>\n<\/div>\n\n\n\n<div class=\"wp-block-column is-layout-flow wp-block-column-is-layout-flow\"><div class=\"wp-block-image\">\n<figure class=\"aligncenter size-full is-resized\"><img loading=\"lazy\" decoding=\"async\" width=\"256\" height=\"256\" src=\"https:\/\/altar-ia.com\/wp-content\/uploads\/2025\/03\/Puzzle.png\" alt=\"\" class=\"wp-image-116\" style=\"width:114px;height:auto\" srcset=\"https:\/\/altar-ia.com\/wp-content\/uploads\/2025\/03\/Puzzle.png 256w, https:\/\/altar-ia.com\/wp-content\/uploads\/2025\/03\/Puzzle-150x150.png 150w\" sizes=\"auto, (max-width: 256px) 100vw, 256px\" \/><\/figure>\n<\/div>\n\n\n<h5 class=\"wp-block-heading has-text-align-center has-text-color\" style=\"color:#3c4858;font-size:18px\"><strong>GESTION DE PROJETS D\u2019INNOVATION<\/strong><\/h5>\n\n\n\n<ul class=\"wp-block-list\">\n<li class=\"texte-comfortaa has-text-color has-link-color wp-elements-7af11e6d85b4445aef8c235684cd9542\" style=\"color:#1b4d3e\">Pilotage de projets innovants<\/li>\n\n\n\n<li class=\"texte-comfortaa has-text-color has-link-color wp-elements-018c6532dfc004fa4da198db2f12e286\" style=\"color:#1b4d3e\">D\u00e9veloppement de feuilles de route technologiques<\/li>\n<\/ul>\n\n\n\n<div style=\"height:25px\" aria-hidden=\"true\" class=\"wp-block-spacer\"><\/div>\n<\/div>\n\n\n\n<div class=\"wp-block-column is-layout-flow wp-block-column-is-layout-flow\"><div class=\"wp-block-image\">\n<figure class=\"aligncenter size-full is-resized\"><img loading=\"lazy\" decoding=\"async\" width=\"256\" height=\"256\" src=\"https:\/\/altar-ia.com\/wp-content\/uploads\/2025\/03\/Network.png\" alt=\"\" class=\"wp-image-118\" style=\"width:114px;height:auto\" srcset=\"https:\/\/altar-ia.com\/wp-content\/uploads\/2025\/03\/Network.png 256w, https:\/\/altar-ia.com\/wp-content\/uploads\/2025\/03\/Network-150x150.png 150w\" sizes=\"auto, (max-width: 256px) 100vw, 256px\" \/><\/figure>\n<\/div>\n\n\n<h5 class=\"wp-block-heading has-text-align-center has-text-color\" style=\"color:#3c4858;font-size:18px\"><strong>\u00c9COSYSTEMES ET PARTENARIATS STRAT\u00c9GIQUES<\/strong><\/h5>\n\n\n\n<ul class=\"wp-block-list\">\n<li class=\"texte-comfortaa has-text-color has-link-color wp-elements-e192adb2ac5144714cf841aceccc7954\" style=\"color:#d9a441\">Identification et qualification de partenaires<\/li>\n\n\n\n<li class=\"texte-comfortaa has-text-color has-link-color wp-elements-52032e8b1f36a5b5dede0f9148945502\" style=\"color:#d9a441\">Support \u00e0 la coordination de projets innovants<\/li>\n<\/ul>\n\n\n\n<div style=\"height:25px\" aria-hidden=\"true\" class=\"wp-block-spacer\"><\/div>\n<\/div>\n<\/div>\n<\/div><\/div>\n\n\n\n<p><\/p>\n\n\n\n<p><\/p>\n\n\n\n<h2 class=\"wp-block-heading has-text-align-center has-white-color has-text-color has-link-color wp-elements-44aa2b400d5dc5d6a68c490f9ab4c1e8\" style=\"margin-top:var(--wp--preset--spacing--70);margin-bottom:var(--wp--preset--spacing--70)\">2050 et le design fiction<\/h2>\n\n\n\n<div class=\"wp-block-group\"><div class=\"wp-block-group__inner-container is-layout-constrained wp-block-group-is-layout-constrained\">\n<div class=\"wp-block-columns container is-layout-flex wp-container-core-columns-is-layout-28f84493 wp-block-columns-is-layout-flex\">\n<div class=\"wp-block-column col-md-5 is-layout-flow wp-block-column-is-layout-flow\">\n<p class=\"has-text-align-right has-white-color has-text-color has-link-color wp-elements-59d92a70490d2d38386607f646605ca3\" style=\"border-radius:0px\">Co-\u00e9crit avec Isabella de Magny,<strong> <a href=\"https:\/\/www.placedeslibraires.fr\/livre\/9782381582559-2050-isabella-de-magny-benjamin-d-hont\/\" data-type=\"link\" data-id=\"https:\/\/www.placedeslibraires.fr\/livre\/9782381582559-2050-isabella-de-magny-benjamin-d-hont\/\">2050<\/a><\/strong> est un roman d&#8217;anticipation questionnant la place de la technologie dans la sant\u00e9 de demain. Il invite le lecteur \u00e0 r\u00e9fl\u00e9chir aux tensions qui pourraient \u00eatre impos\u00e9es par le num\u00e9rique en sant\u00e9.<\/p>\n<\/div>\n\n\n\n<div class=\"wp-block-column col-md-6 col-md-offset1 is-layout-flow wp-block-column-is-layout-flow\">\n<figure class=\"wp-block-image size-large has-custom-border is-style-default wp-duotone-unset-1\" style=\"margin-top:0;margin-right:0;margin-bottom:0;margin-left:0\"><img loading=\"lazy\" decoding=\"async\" width=\"1024\" height=\"460\" src=\"http:\/\/altar-ia.com\/wp-content\/uploads\/2025\/03\/2050-1024x460.jpg\" alt=\"\" class=\"has-border-color wp-image-87\" style=\"border-color:#8fa18a;border-width:5px\" srcset=\"https:\/\/altar-ia.com\/wp-content\/uploads\/2025\/03\/2050-1024x460.jpg 1024w, https:\/\/altar-ia.com\/wp-content\/uploads\/2025\/03\/2050-300x135.jpg 300w, https:\/\/altar-ia.com\/wp-content\/uploads\/2025\/03\/2050-768x345.jpg 768w, https:\/\/altar-ia.com\/wp-content\/uploads\/2025\/03\/2050-1536x690.jpg 1536w, https:\/\/altar-ia.com\/wp-content\/uploads\/2025\/03\/2050-2048x920.jpg 2048w\" sizes=\"auto, (max-width: 1024px) 100vw, 1024px\" \/><\/figure>\n\n\n\n<p><\/p>\n<\/div>\n<\/div>\n<\/div><\/div>\n\n\n\n<p><\/p>\n","protected":false},"excerpt":{"rendered":"<p>2050 et le design fiction Co-\u00e9crit avec Isabella de Magny, 2050 est un roman d&#8217;anticipation questionnant la place de la technologie dans la sant\u00e9 de demain. Il invite le lecteur \u00e0 r\u00e9fl\u00e9chir aux tensions qui pourraient \u00eatre impos\u00e9es par le num\u00e9rique en sant\u00e9.<\/p>\n","protected":false},"author":1,"featured_media":90,"parent":0,"menu_order":0,"comment_status":"closed","ping_status":"closed","template":"","meta":{"_themeisle_gutenberg_block_has_review":false,"footnotes":""},"class_list":["post-71","page","type-page","status-publish","has-post-thumbnail","hentry"],"_links":{"self":[{"href":"https:\/\/altar-ia.com\/index.php\/wp-json\/wp\/v2\/pages\/71","targetHints":{"allow":["GET"]}}],"collection":[{"href":"https:\/\/altar-ia.com\/index.php\/wp-json\/wp\/v2\/pages"}],"about":[{"href":"https:\/\/altar-ia.com\/index.php\/wp-json\/wp\/v2\/types\/page"}],"author":[{"embeddable":true,"href":"https:\/\/altar-ia.com\/index.php\/wp-json\/wp\/v2\/users\/1"}],"replies":[{"embeddable":true,"href":"https:\/\/altar-ia.com\/index.php\/wp-json\/wp\/v2\/comments?post=71"}],"version-history":[{"count":41,"href":"https:\/\/altar-ia.com\/index.php\/wp-json\/wp\/v2\/pages\/71\/revisions"}],"predecessor-version":[{"id":200,"href":"https:\/\/altar-ia.com\/index.php\/wp-json\/wp\/v2\/pages\/71\/revisions\/200"}],"wp:featuredmedia":[{"embeddable":true,"href":"https:\/\/altar-ia.com\/index.php\/wp-json\/wp\/v2\/media\/90"}],"wp:attachment":[{"href":"https:\/\/altar-ia.com\/index.php\/wp-json\/wp\/v2\/media?parent=71"}],"curies":[{"name":"wp","href":"https:\/\/api.w.org\/{rel}","templated":true}]}}